{"id":11,"date":"2024-04-20T18:58:41","date_gmt":"2024-04-20T16:58:41","guid":{"rendered":"https:\/\/consolataafrica.org\/fr\/?page_id=11"},"modified":"2024-11-26T09:59:15","modified_gmt":"2024-11-26T08:59:15","slug":"home","status":"publish","type":"page","link":"https:\/\/consolataafrica.org\/fr\/","title":{"rendered":"Home"},"content":{"rendered":"\n<div class=\"wp-block-columns is-layout-flex wp-container-core-columns-is-layout-9d6595d7 wp-block-columns-is-layout-flex\">\n<div class=\"wp-block-column is-layout-flow wp-block-column-is-layout-flow\" style=\"flex-basis:78%\"><div class=\"flex flex-col lg:flex-row home-destaques-principal lg:mr-4\"><div class=\"lg:w-2\/3 lg:mr-8 home-destaques-principal-maior\"><div class=\"display-posts-listing\"><div class=\"listing-item\"><a class=\"image\" href=\"https:\/\/consolataafrica.org\/fr\/pelerinage-de-saint-joseph-allamano-en-cote-divoire\/\"><img loading=\"lazy\" decoding=\"async\" width=\"600\" height=\"400\" src=\"https:\/\/consolataafrica.org\/fr\/wp-content\/uploads\/fly-images\/2111\/20260415Costa4-600x400-c.jpg\" class=\"attachment-600x400\" alt=\"20260415Costa4\" \/><\/a> <a class=\"title\" href=\"https:\/\/consolataafrica.org\/fr\/pelerinage-de-saint-joseph-allamano-en-cote-divoire\/\">P\u00e8lerinage de Saint Joseph Allamano en C\u00f4te d&rsquo;Ivoire<\/a> <span class=\"excerpt\">Dans une atmosph\u00e8re de joie missionnaire, la d\u00e9l\u00e9gation des Missionnaires de la Consolata en C\u00f4te d'Ivoire a lanc\u00e9, ce dimanche 12 avril 2026, le P\u00e8lerinage de Saint Joseph Allamano. Cette initiative marque un moment fort de l'ann\u00e9e du centenaire de la mont\u00e9e au ciel de notre Fondateur, tout en c\u00e9l\u00e9brant les 30 ans de l'arriv\u00e9e des missionnaires de la Consolata dans le pays.<\/span><\/div><\/div><\/div><div class=\"lg:w-1\/3\"><div class=\"display-posts-listing\"><div class=\"listing-item\"><a class=\"image\" href=\"https:\/\/consolataafrica.org\/fr\/pere-james-lengarin-le-ressuscite-recree-la-communaute-message-de-paques-2026\/\"><img loading=\"lazy\" decoding=\"async\" width=\"600\" height=\"320\" src=\"https:\/\/consolataafrica.org\/fr\/wp-content\/uploads\/fly-images\/2106\/20260404Pasqua-600x320-c.png\" class=\"attachment-600x320\" alt=\"20260404Pasqua\" \/><\/a> <a class=\"title\" href=\"https:\/\/consolataafrica.org\/fr\/pere-james-lengarin-le-ressuscite-recree-la-communaute-message-de-paques-2026\/\">P\u00e8re James Lengarin : \u00ab Le Ressuscit\u00e9 recr\u00e9e la communaut\u00e9. \u00bb Message de P\u00e2ques 2026<\/a> <span class=\"excerpt\">Ce sont les paroles du Sup\u00e9rieur g\u00e9n\u00e9ral, le P\u00e8re James Bhola Lengarin, IMC, dans son Message de P\u00e2ques 2026 intitul\u00e9 \u00ab Le Ressuscit\u00e9 recr\u00e9e la communaut\u00e9 \u00bb, envoy\u00e9 \u00e0 tous les missionnaires de Consolata, hommes et femmes, la\u00efcs, parents, amis et bienfaiteurs.<\/span><\/div><div class=\"listing-item\"><a class=\"image\" href=\"https:\/\/consolataafrica.org\/fr\/aux-origines-du-saint-chreme\/\"><img loading=\"lazy\" decoding=\"async\" width=\"600\" height=\"320\" src=\"https:\/\/consolataafrica.org\/fr\/wp-content\/uploads\/fly-images\/2097\/cq5dam.thumbnail.cropped.1500.844-600x320-c.jpeg\" class=\"attachment-600x320\" alt=\"cq5dam.thumbnail.cropped.1500.844\" \/><\/a> <a class=\"title\" href=\"https:\/\/consolataafrica.org\/fr\/aux-origines-du-saint-chreme\/\">Aux origines du saint chr\u00eame<\/a> <span class=\"excerpt\">Les catholiques du monde entier entrent ce 2 avril dans le temps fort du calendrier liturgique. Avec le d\u00e9but du Triduum pascal ce jeudi soir, L\u00e9on XIV pr\u00e9sidera une s\u00e9rie de c\u00e9l\u00e9brations marquant la Passion, la mort et la R\u00e9surrection du Christ. \u00c9clairage sur les origines de cette huile sacr\u00e9e avec le liturgiste Jacques Kuziala, missionnaire de la Consolata.<\/span><\/div><\/div><\/div><\/div>\n<\/div>\n\n\n\n<div class=\"wp-block-column is-layout-flow wp-block-column-is-layout-flow\" style=\"flex-basis:22%\">\n<figure class=\"wp-block-image size-full\"><a href=\"https:\/\/giuseppeallamano.consolata.org\" target=\"_blank\" rel=\" noreferrer noopener\"><img loading=\"lazy\" decoding=\"async\" width=\"338\" height=\"380\" src=\"https:\/\/consolataafrica.org\/fr\/wp-content\/uploads\/2024\/11\/ALLAMANO-ritratto-Rivoli-FRA-2.jpg\" alt=\"\" class=\"wp-image-877\" srcset=\"https:\/\/consolataafrica.org\/fr\/wp-content\/uploads\/2024\/11\/ALLAMANO-ritratto-Rivoli-FRA-2.jpg 338w, https:\/\/consolataafrica.org\/fr\/wp-content\/uploads\/2024\/11\/ALLAMANO-ritratto-Rivoli-FRA-2-267x300.jpg 267w\" sizes=\"auto, (max-width: 338px) 100vw, 338px\" \/><\/a><\/figure>\n<\/div>\n<\/div>\n\n\n\n<h3 class=\"wp-block-heading\"><strong>Nouvelles<\/strong><\/h3>\n\n\n<div class=\"home-destaques-medio\"><div class=\"display-posts-listing\"><div class=\"listing-item\"><a class=\"image\" href=\"https:\/\/consolataafrica.org\/fr\/cote-divoire-un-centenaire-proliferant\/\"><img loading=\"lazy\" decoding=\"async\" width=\"600\" height=\"320\" src=\"https:\/\/consolataafrica.org\/fr\/wp-content\/uploads\/fly-images\/2038\/20260220Costa4-600x320-c.jpg\" class=\"attachment-600x320\" alt=\"20260220Costa4\" \/><\/a> <a class=\"title\" href=\"https:\/\/consolataafrica.org\/fr\/cote-divoire-un-centenaire-proliferant\/\">C\u00f4te d\u2019Ivoire : Un centenaire prolif\u00e9rant<\/a> <span class=\"excerpt\">Pour l\u2019Institut des Missions Consolata, l\u2019ann\u00e9e 2026 est sp\u00e9ciale car le Fondateur de cette famille missionnaire, saint Joseph Allamano, atteint les 100 ans depuis son entr\u00e9e au ciel le 16 f\u00e9vrier 1926.<\/span><\/div><div class=\"listing-item\"><a class=\"image\" href=\"https:\/\/consolataafrica.org\/fr\/diocese-de-kisantu-celebration-de-la-journee-de-la-vie-consacree\/\"><img loading=\"lazy\" decoding=\"async\" width=\"600\" height=\"320\" src=\"https:\/\/consolataafrica.org\/fr\/wp-content\/uploads\/fly-images\/2031\/IMG-20260206-WA0047-600x320-c.jpg\" class=\"attachment-600x320\" alt=\"IMG-20260206-WA0047\" \/><\/a> <a class=\"title\" href=\"https:\/\/consolataafrica.org\/fr\/diocese-de-kisantu-celebration-de-la-journee-de-la-vie-consacree\/\">Dioc\u00e8se de Kisantu: c\u00e9l\u00e9bration de la journ\u00e9e de la Vie Consacr\u00e9e<\/a> <span class=\"excerpt\">La 30e Journ\u00e9e de la Vie Consacr\u00e9e a \u00e9t\u00e9 c\u00e9l\u00e9br\u00e9e au dioc\u00e8se de Kisantu en RD Congo de mani\u00e8re anticip\u00e9e le dimanche 1er f\u00e9vrier 2026 dans diff\u00e9rents doyenn\u00e9s.<\/span><\/div><div class=\"listing-item\"><a class=\"image\" href=\"https:\/\/consolataafrica.org\/fr\/1949-2\/\"><img loading=\"lazy\" decoding=\"async\" width=\"600\" height=\"320\" src=\"https:\/\/consolataafrica.org\/fr\/wp-content\/uploads\/fly-images\/1952\/20251107Amazonia-600x320-c.jpg\" class=\"attachment-600x320\" alt=\"20251107Amazonia\" \/><\/a> <a class=\"title\" href=\"https:\/\/consolataafrica.org\/fr\/1949-2\/\">COP30 : L&rsquo;\u00e9cocide et le g\u00e9nocide font partie de la m\u00eame crise<\/a> <span class=\"excerpt\">Le Br\u00e9sil accueille la Conf\u00e9rence des Nations unies sur les changements climatiques (COP30). En novembre, les yeux du monde entier se tourneront vers Bel\u00e9m, au c\u0153ur de l'Amazonie, avec le d\u00e9fi urgent de prendre des engagements \u00e0 la hauteur de la grave crise socio-environnementale.<\/span><\/div><\/div><\/div>\n\n\n<div class=\"home-destaques-pequeno\"><div class=\"display-posts-listing\"><div class=\"listing-item\"><a class=\"image\" href=\"https:\/\/consolataafrica.org\/fr\/mozambique-un-siecle-de-foi-et-doeuvres-des-missionnaires-de-la-consolata\/\"><img loading=\"lazy\" decoding=\"async\" width=\"600\" height=\"320\" src=\"https:\/\/consolataafrica.org\/fr\/wp-content\/uploads\/fly-images\/1926\/20251027Moz4-600x320-c.jpg\" class=\"attachment-600x320\" alt=\"20251027Moz4\" \/><\/a> <a class=\"title\" href=\"https:\/\/consolataafrica.org\/fr\/mozambique-un-siecle-de-foi-et-doeuvres-des-missionnaires-de-la-consolata\/\">Mozambique : un si\u00e8cle de foi et d&rsquo;\u0153uvres des missionnaires de la Consolata<\/a> <span class=\"excerpt\">Le travail des missionnaires de la Consolata au Mozambique dure depuis cent ans. Les religieux, avec la population, ont affront\u00e9 la guerre coloniale et la guerre civile. Sur le terrain, ils \u00e9vang\u00e9lisent et r\u00e9alisent des projets de promotion humaine.<\/span><\/div><div class=\"listing-item format-video\"><a class=\"image\" href=\"https:\/\/consolataafrica.org\/fr\/leon-xiv-aidez-moi-a-aider-les-missionnaires-partout-dans-le-monde\/\"><img loading=\"lazy\" decoding=\"async\" width=\"600\" height=\"320\" src=\"https:\/\/consolataafrica.org\/fr\/wp-content\/uploads\/fly-images\/1896\/2a5fcb51306ab8908d95e8e78e989164_XL-600x320-c.jpg\" class=\"attachment-600x320\" alt=\"2a5fcb51306ab8908d95e8e78e989164_XL\" \/><\/a> <a class=\"title\" href=\"https:\/\/consolataafrica.org\/fr\/leon-xiv-aidez-moi-a-aider-les-missionnaires-partout-dans-le-monde\/\">L\u00e9on XIV: \u00abAidez-moi \u00e0 aider les missionnaires partout dans le monde\u00bb<\/a> <span class=\"excerpt\">Dans un message vid\u00e9o \u00e0 l'occasion de la Journ\u00e9e missionnaire mondiale du 19 octobre, le Pape L\u00e9on XIV partage son exp\u00e9rience missionnaire au P\u00e9rou et exhorte les paroisses du monde entier \u00e0 prier et \u00e0 soutenir g\u00e9n\u00e9reusement l'annonce de l'\u00c9vangile: \u00abMerci pour tout ce que vous ferez pour m'aider \u00e0 soutenir les missionnaires partout dans le monde\u00bb.<\/span><\/div><div class=\"listing-item\"><a class=\"image\" href=\"https:\/\/consolataafrica.org\/fr\/cours-g25-temoins-fideles-de-levangile\/\"><img loading=\"lazy\" decoding=\"async\" width=\"600\" height=\"320\" src=\"https:\/\/consolataafrica.org\/fr\/wp-content\/uploads\/fly-images\/1862\/20250930Corso6-600x320-c.jpg\" class=\"attachment-600x320\" alt=\"20250930Corso6\" \/><\/a> <a class=\"title\" href=\"https:\/\/consolataafrica.org\/fr\/cours-g25-temoins-fideles-de-levangile\/\">Cours G25 : T\u00e9moins fid\u00e8les de l&rsquo;\u00c9vangile<\/a> <span class=\"excerpt\">Du 1er au 27 septembre, \u00e0 Rome, le Bureau G\u00e9n\u00e9ral pour la Formation a organis\u00e9 le deuxi\u00e8me cours de formation permanente pour un groupe de missionnaires de la Consolata jubilaires qui, au cours de cette p\u00e9riode de six ans, f\u00eateront leurs 25 ans d'ordination sacerdotale et\/ou de profession religieuse.<\/span><\/div><div class=\"listing-item\"><a class=\"image\" href=\"https:\/\/consolataafrica.org\/fr\/evangelisation-dans-le-monde-numerique-et-bureaux-de-linstitut\/\"><img loading=\"lazy\" decoding=\"async\" width=\"600\" height=\"320\" src=\"https:\/\/consolataafrica.org\/fr\/wp-content\/uploads\/fly-images\/1840\/20250927Corso1-600x320-c.jpg\" class=\"attachment-600x320\" alt=\"20250927Corso1\" \/><\/a> <a class=\"title\" href=\"https:\/\/consolataafrica.org\/fr\/evangelisation-dans-le-monde-numerique-et-bureaux-de-linstitut\/\">\u00c9vang\u00e9lisation dans le monde num\u00e9rique et bureaux de l&rsquo;Institut<\/a> <span class=\"excerpt\">\u00ab Le monde est en constante \u00e9volution et nous ne savons pas ce que l'avenir nous r\u00e9serve. Il est soumis \u00e0 un processus continu de m\u00e9tamorphose, qui comporte des d\u00e9fis constants \u00bb. C'est par ces mots que le p\u00e8re Fabio Pasqualetti a introduit le th\u00e8me : \u00ab L'\u00e9vang\u00e9lisation \u00e0 l'\u00e8re de l'intelligence artificielle (IA) : d\u00e9fis et opportunit\u00e9s \u00bb.<\/span><\/div><\/div><\/div>\n\n\n\n<h3 class=\"wp-block-heading\">Articles<\/h3>\n\n\n<div class=\"home-destaques-medio\"><div class=\"display-posts-listing\"><div class=\"listing-item\"><a class=\"image\" href=\"https:\/\/consolataafrica.org\/fr\/charite-sociale-et-elan-missionnaire-dans-leglise-de-turin-au-xix%e1%b5%89siecle\/\"><img loading=\"lazy\" decoding=\"async\" width=\"600\" height=\"320\" src=\"https:\/\/consolataafrica.org\/fr\/wp-content\/uploads\/fly-images\/2082\/20260322Torino-600x320-c.jpg\" class=\"attachment-600x320\" alt=\"20260322Torino\" \/><\/a> <a class=\"title\" href=\"https:\/\/consolataafrica.org\/fr\/charite-sociale-et-elan-missionnaire-dans-leglise-de-turin-au-xix%e1%b5%89siecle\/\">Charit\u00e9 sociale et \u00e9lan missionnaire dans l\u2019\u00c9glise de Turin au XIX\u1d49si\u00e8cle<\/a> <span class=\"excerpt\">Les historiens et les th\u00e9ologiens s\u2019accordent \u00e0 affirmer que, malgr\u00e9 un climat politique marqu\u00e9 par des tensions entre l\u2019\u00c9tat lib\u00e9ral et l\u2019\u00c9glise, Turin au XIX\u1d49 si\u00e8cle demeura l\u2019un des centres les plus dynamiques de la vie religieuse catholique en Europe.<\/span><\/div><div class=\"listing-item format-video\"><a class=\"image\" href=\"https:\/\/consolataafrica.org\/fr\/pere-vilson-jochem-nous-ne-sommes-pas-seuls-dans-la-mission\/\"><img loading=\"lazy\" decoding=\"async\" width=\"600\" height=\"320\" src=\"https:\/\/consolataafrica.org\/fr\/wp-content\/uploads\/fly-images\/2075\/20260319Vilson6-600x320-c.jpg\" class=\"attachment-600x320\" alt=\"20260319Vilson6\" \/><\/a> <a class=\"title\" href=\"https:\/\/consolataafrica.org\/fr\/pere-vilson-jochem-nous-ne-sommes-pas-seuls-dans-la-mission\/\">P\u00e8re Vilson Jochem : \u00ab Nous ne sommes pas seuls dans la mission \u00bb<\/a> <span class=\"excerpt\">Originaire d\u2019Atalanta (Santa Catarina), dans le sud du Br\u00e9sil, le p\u00e8re Vilson Jochem, n\u00e9 le 16 juin 1972, est le fils d\u2019Ernesto et d\u2019Adir Fontanive Jochem. Missionnaire de la Consolata, \u0153uvrant au Venezuela depuis 26 ans et, dans cette vid\u00e9o enregistr\u00e9e \u00e0 Rome, il partage son parcours de vie ainsi que sa mission aupr\u00e8s des indig\u00e8nes Warao \u00e0 Nabasanuka, sur les rives du fleuve Or\u00e9noque, dans l\u2019\u00c9tat du Delta Amacuro.<\/span><\/div><div class=\"listing-item\"><a class=\"image\" href=\"https:\/\/consolataafrica.org\/fr\/remets-ton-epee-dans-le-fourreau\/\"><img loading=\"lazy\" decoding=\"async\" width=\"600\" height=\"320\" src=\"https:\/\/consolataafrica.org\/fr\/wp-content\/uploads\/fly-images\/2068\/20260219Pace-600x320-c.jpeg\" class=\"attachment-600x320\" alt=\"20260219Pace\" \/><\/a> <a class=\"title\" href=\"https:\/\/consolataafrica.org\/fr\/remets-ton-epee-dans-le-fourreau\/\">\u00ab Remets ton \u00e9p\u00e9e dans le fourreau \u00bb<\/a> <span class=\"excerpt\">Le chemin de la paix dans un monde fragment\u00e9 par les guerres. En regardant le monde d\u2019aujourd\u2019hui, nous sommes confront\u00e9s \u00e0 une v\u00e9rit\u00e9 inconfortable : combien de paix l\u2019humanit\u00e9 a-t-elle r\u00e9ellement connue\u202f?<\/span><\/div><\/div><\/div>\n\n\n<div class=\"home-destaques-pequeno\"><div class=\"display-posts-listing\"><div class=\"listing-item format-video\"><a class=\"image\" href=\"https:\/\/consolataafrica.org\/fr\/saint-joseph-allamano-10-un-heritage-vivant-qui-perdure-dans-le-temps\/\"><img loading=\"lazy\" decoding=\"async\" width=\"600\" height=\"320\" src=\"https:\/\/consolataafrica.org\/fr\/wp-content\/uploads\/fly-images\/2062\/20260316Allamano-600x320-c.jpg\" class=\"attachment-600x320\" alt=\"20260316Allamano\" \/><\/a> <a class=\"title\" href=\"https:\/\/consolataafrica.org\/fr\/saint-joseph-allamano-10-un-heritage-vivant-qui-perdure-dans-le-temps\/\">Saint Joseph Allamano 10 : \u00ab Un h\u00e9ritage vivant qui perdure dans le temps \u00bb<\/a> <span class=\"excerpt\">Dans la dixi\u00e8me vid\u00e9o r\u00e9alis\u00e9e pour ce mois de mars 2026, les interventions des missionnaires de la Consolata proposent une r\u00e9flexion approfondie sur la signification du Centenaire de Saint Joseph Allamano. Cette r\u00e9flexion s\u2019appuie notamment sur les c\u00e9l\u00e9brations qui se sont tenues cette ann\u00e9e \u00e0 travers le monde autour du 16 f\u00e9vrier, date de sa naissance au ciel de Saint Joseph Allamano.<\/span><\/div><div class=\"listing-item format-video\"><a class=\"image\" href=\"https:\/\/consolataafrica.org\/fr\/pere-michael-wamunyu-etre-un-signe-de-consolation\/\"><img loading=\"lazy\" decoding=\"async\" width=\"600\" height=\"320\" src=\"https:\/\/consolataafrica.org\/fr\/wp-content\/uploads\/fly-images\/2058\/20260212Michael-600x320-c.jpg\" class=\"attachment-600x320\" alt=\"20260212Michael\" \/><\/a> <a class=\"title\" href=\"https:\/\/consolataafrica.org\/fr\/pere-michael-wamunyu-etre-un-signe-de-consolation\/\">P\u00e8re Michael Wamunyu : \u00ab \u00catre un signe de consolation \u00bb<\/a> <span class=\"excerpt\">Fils de Simon Ndirangu Kahiu et de Mary Wangeci, le p\u00e8re Michael Wamunyu est n\u00e9 le 27 juillet 1968 \u00e0 Nyeri, au Kenya. Il est le quatri\u00e8me de huit fr\u00e8res et s\u0153urs. Dans cette vid\u00e9o enregistr\u00e9e \u00e0 Rome, il raconte avoir connu les missionnaires de la Consolata \u00e0 Mathari, qui l'ont invit\u00e9 \u00e0 devenir \u00ab l'un d'eux dans le travail qu'ils accomplissaient l\u00e0-bas et dans tout le pays \u00bb.<\/span><\/div><div class=\"listing-item format-video\"><a class=\"image\" href=\"https:\/\/consolataafrica.org\/fr\/annee-de-la-vie-communautaire-une-seule-famille-pour-la-meme-mission\/\"><img loading=\"lazy\" decoding=\"async\" width=\"600\" height=\"320\" src=\"https:\/\/consolataafrica.org\/fr\/wp-content\/uploads\/fly-images\/2052\/20260222DG1-600x320-c.jpg\" class=\"attachment-600x320\" alt=\"20260222DG1\" \/><\/a> <a class=\"title\" href=\"https:\/\/consolataafrica.org\/fr\/annee-de-la-vie-communautaire-une-seule-famille-pour-la-meme-mission\/\">Ann\u00e9e de la Vie Communautaire. \u00ab Une seule famille pour la m\u00eame mission \u00bb<\/a> <span class=\"excerpt\">Acceptant la d\u00e9cision du XIVe Chapitre G\u00e9n\u00e9ral (2023) \u00e0 grandir dans l'esprit de famille et dans la qualit\u00e9 de notre communication fraternelle, la Direction G\u00e9n\u00e9rale invite les missionnaires de la Consolata et toutes les communaut\u00e9s \u00e0 une ann\u00e9e de r\u00e9flexion sur la Vie Communautaire, du 2 mars 2026 au 2 mars 2027.<\/span><\/div><div class=\"listing-item format-video\"><a class=\"image\" href=\"https:\/\/consolataafrica.org\/fr\/saint-joseph-allamano-video-9-un-heritage-spirituel-profond\/\"><img loading=\"lazy\" decoding=\"async\" width=\"600\" height=\"320\" src=\"https:\/\/consolataafrica.org\/fr\/wp-content\/uploads\/fly-images\/2022\/20260215Allamano-600x320-c.jpg\" class=\"attachment-600x320\" alt=\"20260215Allamano\" \/><\/a> <a class=\"title\" href=\"https:\/\/consolataafrica.org\/fr\/saint-joseph-allamano-video-9-un-heritage-spirituel-profond\/\">Saint Joseph Allamano 9 : \u00ab Un profond h\u00e9ritage spirituel \u00bb<\/a> <span class=\"excerpt\">\u00ab Dans cette neuvi\u00e8me vid\u00e9o, r\u00e9alis\u00e9e pour f\u00e9vrier 2026, nous vous proposons une r\u00e9flexion \u00e0 l'occasion de la c\u00e9l\u00e9bration annuelle de la m\u00e9moire de saint Joseph Allamano, fondateur des Missionnaires de la Consolata, et du centenaire de sa mort : 16 f\u00e9vrier 1926 - 2026. <\/span><\/div><\/div><\/div>\n","protected":false},"excerpt":{"rendered":"<p>Nouvelles Articles<\/p>\n","protected":false},"author":1,"featured_media":0,"parent":0,"menu_order":0,"comment_status":"closed","ping_status":"closed","template":"","meta":{"footnotes":""},"class_list":["post-11","page","type-page","status-publish","hentry"],"yoast_head":"<!-- This site is optimized with the Yoast SEO plugin v22.5 - https:\/\/yoast.com\/wordpress\/plugins\/seo\/ -->\n<title>Home - Consolata Africa<\/title>\n<meta name=\"robots\" content=\"index, follow, max-snippet:-1, max-image-preview:large, max-video-preview:-1\" \/>\n<link rel=\"canonical\" href=\"https:\/\/consolataafrica.org\/fr\/\" \/>\n<meta property=\"og:locale\" content=\"fr_FR\" \/>\n<meta property=\"og:type\" content=\"article\" \/>\n<meta property=\"og:title\" content=\"Home - Consolata Africa\" \/>\n<meta property=\"og:description\" content=\"Nouvelles Articles\" \/>\n<meta property=\"og:url\" content=\"https:\/\/consolataafrica.org\/fr\/\" \/>\n<meta property=\"og:site_name\" content=\"Consolata Africa\" \/>\n<meta property=\"article:modified_time\" content=\"2024-11-26T08:59:15+00:00\" \/>\n<meta property=\"og:image\" content=\"https:\/\/consolataafrica.org\/fr\/wp-content\/uploads\/2024\/11\/ALLAMANO-ritratto-Rivoli-FRA-2.jpg\" \/>\n<meta name=\"twitter:card\" content=\"summary_large_image\" \/>\n<meta name=\"twitter:label1\" content=\"Dur\u00e9e de lecture estim\u00e9e\" \/>\n\t<meta name=\"twitter:data1\" content=\"1 minute\" \/>\n<script type=\"application\/ld+json\" class=\"yoast-schema-graph\">{\"@context\":\"https:\/\/schema.org\",\"@graph\":[{\"@type\":\"WebPage\",\"@id\":\"https:\/\/consolataafrica.org\/fr\/\",\"url\":\"https:\/\/consolataafrica.org\/fr\/\",\"name\":\"Home - Consolata Africa\",\"isPartOf\":{\"@id\":\"https:\/\/consolataafrica.org\/fr\/#website\"},\"primaryImageOfPage\":{\"@id\":\"https:\/\/consolataafrica.org\/fr\/#primaryimage\"},\"image\":{\"@id\":\"https:\/\/consolataafrica.org\/fr\/#primaryimage\"},\"thumbnailUrl\":\"https:\/\/consolataafrica.org\/fr\/wp-content\/uploads\/2024\/11\/ALLAMANO-ritratto-Rivoli-FRA-2.jpg\",\"datePublished\":\"2024-04-20T16:58:41+00:00\",\"dateModified\":\"2024-11-26T08:59:15+00:00\",\"breadcrumb\":{\"@id\":\"https:\/\/consolataafrica.org\/fr\/#breadcrumb\"},\"inLanguage\":\"fr-FR\",\"potentialAction\":[{\"@type\":\"ReadAction\",\"target\":[\"https:\/\/consolataafrica.org\/fr\/\"]}]},{\"@type\":\"ImageObject\",\"inLanguage\":\"fr-FR\",\"@id\":\"https:\/\/consolataafrica.org\/fr\/#primaryimage\",\"url\":\"https:\/\/consolataafrica.org\/fr\/wp-content\/uploads\/2024\/11\/ALLAMANO-ritratto-Rivoli-FRA-2.jpg\",\"contentUrl\":\"https:\/\/consolataafrica.org\/fr\/wp-content\/uploads\/2024\/11\/ALLAMANO-ritratto-Rivoli-FRA-2.jpg\",\"width\":338,\"height\":380,\"caption\":\"image description\"},{\"@type\":\"BreadcrumbList\",\"@id\":\"https:\/\/consolataafrica.org\/fr\/#breadcrumb\",\"itemListElement\":[{\"@type\":\"ListItem\",\"position\":1,\"name\":\"Accueil\",\"item\":\"https:\/\/consolataafrica.org\/fr\/\"},{\"@type\":\"ListItem\",\"position\":2,\"name\":\"Home\"}]},{\"@type\":\"WebSite\",\"@id\":\"https:\/\/consolataafrica.org\/fr\/#website\",\"url\":\"https:\/\/consolataafrica.org\/fr\/\",\"name\":\"Consolata Africa\",\"description\":\"Consolata Missionaries in the Continent of Africa\",\"potentialAction\":[{\"@type\":\"SearchAction\",\"target\":{\"@type\":\"EntryPoint\",\"urlTemplate\":\"https:\/\/consolataafrica.org\/fr\/?s={search_term_string}\"},\"query-input\":\"required name=search_term_string\"}],\"inLanguage\":\"fr-FR\"}]}<\/script>\n<!-- \/ Yoast SEO plugin. -->","yoast_head_json":{"title":"Home - Consolata Africa","robots":{"index":"index","follow":"follow","max-snippet":"max-snippet:-1","max-image-preview":"max-image-preview:large","max-video-preview":"max-video-preview:-1"},"canonical":"https:\/\/consolataafrica.org\/fr\/","og_locale":"fr_FR","og_type":"article","og_title":"Home - Consolata Africa","og_description":"Nouvelles Articles","og_url":"https:\/\/consolataafrica.org\/fr\/","og_site_name":"Consolata Africa","article_modified_time":"2024-11-26T08:59:15+00:00","og_image":[{"url":"https:\/\/consolataafrica.org\/fr\/wp-content\/uploads\/2024\/11\/ALLAMANO-ritratto-Rivoli-FRA-2.jpg"}],"twitter_card":"summary_large_image","twitter_misc":{"Dur\u00e9e de lecture estim\u00e9e":"1 minute"},"schema":{"@context":"https:\/\/schema.org","@graph":[{"@type":"WebPage","@id":"https:\/\/consolataafrica.org\/fr\/","url":"https:\/\/consolataafrica.org\/fr\/","name":"Home - Consolata Africa","isPartOf":{"@id":"https:\/\/consolataafrica.org\/fr\/#website"},"primaryImageOfPage":{"@id":"https:\/\/consolataafrica.org\/fr\/#primaryimage"},"image":{"@id":"https:\/\/consolataafrica.org\/fr\/#primaryimage"},"thumbnailUrl":"https:\/\/consolataafrica.org\/fr\/wp-content\/uploads\/2024\/11\/ALLAMANO-ritratto-Rivoli-FRA-2.jpg","datePublished":"2024-04-20T16:58:41+00:00","dateModified":"2024-11-26T08:59:15+00:00","breadcrumb":{"@id":"https:\/\/consolataafrica.org\/fr\/#breadcrumb"},"inLanguage":"fr-FR","potentialAction":[{"@type":"ReadAction","target":["https:\/\/consolataafrica.org\/fr\/"]}]},{"@type":"ImageObject","inLanguage":"fr-FR","@id":"https:\/\/consolataafrica.org\/fr\/#primaryimage","url":"https:\/\/consolataafrica.org\/fr\/wp-content\/uploads\/2024\/11\/ALLAMANO-ritratto-Rivoli-FRA-2.jpg","contentUrl":"https:\/\/consolataafrica.org\/fr\/wp-content\/uploads\/2024\/11\/ALLAMANO-ritratto-Rivoli-FRA-2.jpg","width":338,"height":380,"caption":"image description"},{"@type":"BreadcrumbList","@id":"https:\/\/consolataafrica.org\/fr\/#breadcrumb","itemListElement":[{"@type":"ListItem","position":1,"name":"Accueil","item":"https:\/\/consolataafrica.org\/fr\/"},{"@type":"ListItem","position":2,"name":"Home"}]},{"@type":"WebSite","@id":"https:\/\/consolataafrica.org\/fr\/#website","url":"https:\/\/consolataafrica.org\/fr\/","name":"Consolata Africa","description":"Consolata Missionaries in the Continent of Africa","potentialAction":[{"@type":"SearchAction","target":{"@type":"EntryPoint","urlTemplate":"https:\/\/consolataafrica.org\/fr\/?s={search_term_string}"},"query-input":"required name=search_term_string"}],"inLanguage":"fr-FR"}]}},"_links":{"self":[{"href":"https:\/\/consolataafrica.org\/fr\/wp-json\/wp\/v2\/pages\/11","targetHints":{"allow":["GET"]}}],"collection":[{"href":"https:\/\/consolataafrica.org\/fr\/wp-json\/wp\/v2\/pages"}],"about":[{"href":"https:\/\/consolataafrica.org\/fr\/wp-json\/wp\/v2\/types\/page"}],"author":[{"embeddable":true,"href":"https:\/\/consolataafrica.org\/fr\/wp-json\/wp\/v2\/users\/1"}],"replies":[{"embeddable":true,"href":"https:\/\/consolataafrica.org\/fr\/wp-json\/wp\/v2\/comments?post=11"}],"version-history":[{"count":8,"href":"https:\/\/consolataafrica.org\/fr\/wp-json\/wp\/v2\/pages\/11\/revisions"}],"predecessor-version":[{"id":960,"href":"https:\/\/consolataafrica.org\/fr\/wp-json\/wp\/v2\/pages\/11\/revisions\/960"}],"wp:attachment":[{"href":"https:\/\/consolataafrica.org\/fr\/wp-json\/wp\/v2\/media?parent=11"}],"curies":[{"name":"wp","href":"https:\/\/api.w.org\/{rel}","templated":true}]}}